{"id":579,"date":"2021-10-23T13:37:18","date_gmt":"2021-10-23T13:37:18","guid":{"rendered":"http:\/\/www.cartoneraupi.com\/?page_id=579"},"modified":"2022-12-15T16:50:14","modified_gmt":"2022-12-15T16:50:14","slug":"que-es-upi","status":"publish","type":"page","link":"http:\/\/www.cartoneraupi.com\/?page_id=579","title":{"rendered":"Que es UPI?"},"content":{"rendered":"<div data-colibri-id=\"579-c1\" class=\"style-756 style-local-579-c1 position-relative\">\n  <!---->\n  <div data-colibri-component=\"section\" data-colibri-id=\"579-c2\" id=\"custom\" class=\"h-section h-section-global-spacing d-flex align-items-lg-center align-items-md-center align-items-center style-757 style-local-579-c2 position-relative\">\n    <!---->\n    <!---->\n    <div class=\"h-section-grid-container h-section-boxed-container\">\n      <!---->\n      <div data-colibri-id=\"579-c3\" class=\"h-row-container gutters-row-lg-2 gutters-row-md-2 gutters-row-0 gutters-row-v-lg-2 gutters-row-v-md-2 gutters-row-v-2 style-758 style-local-579-c3 position-relative\">\n        <!---->\n        <div class=\"h-row justify-content-lg-center justify-content-md-center justify-content-center align-items-lg-stretch align-items-md-stretch align-items-stretch gutters-col-lg-2 gutters-col-md-2 gutters-col-0 gutters-col-v-lg-2 gutters-col-v-md-2 gutters-col-v-2\">\n          <!---->\n          <div class=\"h-column h-column-container d-flex h-col-lg-auto h-col-md-auto h-col-auto style-759-outer style-local-579-c4-outer\">\n            <div data-colibri-id=\"579-c4\" class=\"d-flex h-flex-basis h-column__inner h-px-lg-2 h-px-md-2 h-px-2 v-inner-lg-2 v-inner-md-2 v-inner-2 style-759 style-local-579-c4 position-relative\">\n              <!---->\n              <!---->\n              <div class=\"w-100 h-y-container h-column__content h-column__v-align flex-basis-100 align-self-lg-start align-self-md-start align-self-start\">\n                <!---->\n                <div data-colibri-id=\"579-c5\" class=\"d-block style-762 style-local-579-c5 position-relative h-element\">\n                  <!---->\n                  <div class=\"h-image__frame-container-outer\">\n                    <a href=\"http:\/\/www.cartoneraupi.com\" h-use-smooth-scroll=\"true\" class=\"image-link\">\n                      <div class=\"h-image__frame-container\">\n                        <!---->\n                        <!---->\n                        <img decoding=\"async\" loading=\"lazy\" width=\"200\" height=\"124\" src=\"http:\/\/www.cartoneraupi.com\/wp-content\/uploads\/2021\/10\/cropped-cropped-cropped-1568732963436-1.png\" class=\"wp-image-282 style-762-image style-local-579-c5-image\" alt=\"\" \/>\n                        <div class=\"h-image__frame h-hide-lg h-hide-md h-hide-sm style-762-frameImage style-local-579-c5-frameImage\"><\/div>\n                      <\/div>\n                    <\/a>\n                  <\/div>\n                <\/div>\n              <\/div>\n            <\/div>\n          <\/div>\n          <div class=\"h-column h-column-container d-flex h-col-lg-auto h-col-md-auto h-col-auto style-760-outer style-local-579-c6-outer\">\n            <div data-colibri-id=\"579-c6\" class=\"d-flex h-flex-basis h-column__inner h-px-lg-2 h-px-md-2 h-px-2 v-inner-lg-2 v-inner-md-2 v-inner-2 style-760 style-local-579-c6 position-relative\">\n              <!---->\n              <!---->\n              <div class=\"w-100 h-y-container h-column__content h-column__v-align flex-basis-100 align-self-lg-start align-self-md-start align-self-start\">\n                <!---->\n                <div data-colibri-id=\"579-c7\" class=\"h-global-transition-all h-heading style-763 style-local-579-c7 position-relative h-element\">\n                  <!---->\n                  <div class=\"h-heading__outer style-763 style-local-579-c7\">\n                    <!---->\n                    <!---->\n                    <h5 class=\"\">BREVE HISTORIA<\/h5>\n                  <\/div>\n                <\/div>\n                <div data-colibri-id=\"579-c8\" data-aos=\"fadeInRight\" class=\"h-lead h-text h-text-component style-761 style-local-579-c8 position-relative h-element\">\n                  <!---->\n                  <!---->\n                  <div class=\"\">\n                    <p>Cartonera UPI inicia sus operaciones en el 2004 en La Zona<\/p>\n                    <p>Franca Industrial Villa Esperanza en el municipio de Villa<\/p>\n                    <p>Altagracia, Provincia San Crist\u00f3bal Rep\u00fablica Dominicana,<\/p>\n                    <p>contamos con toda la infrastructura necesaria para atender<\/p>\n                    <p>las necesidades de cart\u00f3n corrugado de nuestros clientes.\n                      <br>\n                      <br>\n                    <\/p>\n                    <p>Adquirida por GPG en 2018. en este mismo a\u00f1o, se inicio un<\/p>\n                    <p>proceso de transformaci\u00f3n y estandarizaci\u00f3n de sus procesos,<\/p>\n                    <p>logrando posicionarse de manera significativa en el mercado,<\/p>\n                    <p>suministrando cajas de alta calidad a clientes de exportaci\u00f3n<\/p>\n                    <p>agricola, maquilas y adam\u00e1s exportando cajas a otros pa\u00edses<\/p>\n                    <p>tales como: Jamaica, Hait\u00ed y Puerto Rico.<\/p>\n                  <\/div>\n                <\/div>\n              <\/div>\n            <\/div>\n          <\/div>\n        <\/div>\n      <\/div>\n    <\/div>\n  <\/div>\n<\/div>","protected":false},"excerpt":{"rendered":"<p>BREVE HISTORIA Cartonera UPI inicia sus operaciones en el 2004 en La Zona Franca Industrial Villa Esperanza en el municipio de Villa Altagracia, Provincia San Crist\u00f3bal Rep\u00fablica Dominicana, contamos con toda la infrastructura necesaria para atender las necesidades de cart\u00f3n corrugado de nuestros clientes. Adquirida por GPG en 2018. en este mismo a\u00f1o, se inicio [&hellip;]<\/p>\n","protected":false},"author":1,"featured_media":0,"parent":0,"menu_order":0,"comment_status":"closed","ping_status":"closed","template":"page-templates\/full-width-page.php","meta":{"_coblocks_attr":"","_coblocks_dimensions":"","_coblocks_responsive_height":"","_coblocks_accordion_ie_support":""},"_links":{"self":[{"href":"http:\/\/www.cartoneraupi.com\/index.php?rest_route=\/wp\/v2\/pages\/579"}],"collection":[{"href":"http:\/\/www.cartoneraupi.com\/index.php?rest_route=\/wp\/v2\/pages"}],"about":[{"href":"http:\/\/www.cartoneraupi.com\/index.php?rest_route=\/wp\/v2\/types\/page"}],"author":[{"embeddable":true,"href":"http:\/\/www.cartoneraupi.com\/index.php?rest_route=\/wp\/v2\/users\/1"}],"replies":[{"embeddable":true,"href":"http:\/\/www.cartoneraupi.com\/index.php?rest_route=%2Fwp%2Fv2%2Fcomments&post=579"}],"version-history":[{"count":7,"href":"http:\/\/www.cartoneraupi.com\/index.php?rest_route=\/wp\/v2\/pages\/579\/revisions"}],"predecessor-version":[{"id":3350,"href":"http:\/\/www.cartoneraupi.com\/index.php?rest_route=\/wp\/v2\/pages\/579\/revisions\/3350"}],"wp:attachment":[{"href":"http:\/\/www.cartoneraupi.com\/index.php?rest_route=%2Fwp%2Fv2%2Fmedia&parent=579"}],"curies":[{"name":"wp","href":"https:\/\/api.w.org\/{rel}","templated":true}]}}