{"id":2427,"date":"2021-12-15T20:15:44","date_gmt":"2021-12-15T20:15:44","guid":{"rendered":"http:\/\/www.cartoneraupi.com\/?page_id=2427"},"modified":"2022-12-15T17:42:39","modified_gmt":"2022-12-15T17:42:39","slug":"politica-de-venta","status":"publish","type":"page","link":"http:\/\/www.cartoneraupi.com\/?page_id=2427","title":{"rendered":"Politica de venta"},"content":{"rendered":"<div data-colibri-id=\"2427-c1\" class=\"style-918 style-local-2427-c1 position-relative\">\n  <!---->\n  <div data-colibri-component=\"section\" data-colibri-id=\"2427-c2\" id=\"blog\" class=\"h-section h-section-global-spacing d-flex align-items-lg-center align-items-md-center align-items-center style-922 style-local-2427-c2 position-relative\">\n    <!---->\n    <!---->\n    <div class=\"h-section-grid-container h-section-boxed-container\">\n      <div data-colibri-id=\"2427-c10\" class=\"h-row-container gutters-row-lg-2 gutters-row-md-2 gutters-row-2 gutters-row-v-lg-2 gutters-row-v-md-2 gutters-row-v-2 style-936 style-local-2427-c10 position-relative\">\n        <!---->\n        <div class=\"h-row justify-content-lg-center justify-content-md-center justify-content-center align-items-lg-stretch align-items-md-stretch align-items-stretch gutters-col-lg-2 gutters-col-md-2 gutters-col-2 gutters-col-v-lg-2 gutters-col-v-md-2 gutters-col-v-2\">\n          <!---->\n          <div class=\"h-column h-column-container d-flex h-col-lg-auto h-col-md-auto h-col-auto style-937-outer style-local-2427-c11-outer\">\n            <div data-colibri-id=\"2427-c11\" class=\"d-flex h-flex-basis h-column__inner h-px-lg-2 h-px-md-2 h-px-2 v-inner-lg-2 v-inner-md-2 v-inner-2 style-937 style-local-2427-c11 position-relative\">\n              <!---->\n              <!---->\n              <div class=\"w-100 h-y-container h-column__content h-column__v-align flex-basis-100 align-self-lg-start align-self-md-start align-self-start\">\n                <!---->\n                <div data-colibri-id=\"2427-c12\" class=\"h-global-transition-all h-heading style-938 style-local-2427-c12 position-relative h-element\">\n                  <!---->\n                  <div class=\"h-heading__outer style-938 style-local-2427-c12\">\n                    <!---->\n                    <!---->\n                    <h2 class=\"\">Pol\u00edticas de venta<\/h2>\n                  <\/div>\n                <\/div>\n              <\/div>\n            <\/div>\n          <\/div>\n        <\/div>\n      <\/div>\n      <div data-colibri-id=\"2427-c3\" class=\"h-row-container gutters-row-lg-0 gutters-row-md-0 gutters-row-0 gutters-row-v-lg-0 gutters-row-v-md-0 gutters-row-v-0 style-923 style-local-2427-c3 position-relative\">\n        <!---->\n        <div class=\"h-row justify-content-lg-center justify-content-md-center justify-content-center align-items-lg-stretch align-items-md-stretch align-items-stretch gutters-col-lg-0 gutters-col-md-0 gutters-col-0 gutters-col-v-lg-0 gutters-col-v-md-0 gutters-col-v-0\">\n          <!---->\n          <div class=\"h-column h-column-container d-flex h-col-lg-auto h-col-md-auto h-col-auto style-924-outer style-local-2427-c4-outer\">\n            <div data-colibri-id=\"2427-c4\" class=\"d-flex h-flex-basis h-column__inner h-px-lg-0 h-px-md-0 h-px-0 v-inner-lg-0 v-inner-md-0 v-inner-0 style-924 style-local-2427-c4 position-relative\">\n              <!---->\n              <!---->\n              <div class=\"w-100 h-y-container h-column__content h-column__v-align flex-basis-100 align-self-lg-start align-self-md-start align-self-start\">\n                <!---->\n                <div data-colibri-id=\"2427-c5\" class=\"h-row-container gutters-row-lg-2 gutters-row-md-2 gutters-row-2 gutters-row-v-lg-2 gutters-row-v-md-2 gutters-row-v-2 colibri-dynamic-list style-925 style-local-2427-c5 position-relative\">\n                  <!---->\n                  <div data-colibri-component=\"\" class=\"h-row justify-content-lg-start justify-content-md-start justify-content-start align-items-lg-stretch align-items-md-stretch align-items-stretch gutters-col-lg-2 gutters-col-md-2 gutters-col-2 gutters-col-v-lg-2 gutters-col-v-md-2 gutters-col-v-2 style-925-row style-local-2427-c5-row\">\n                    <!---->\n        <div    class=\"h-column h-column-container d-flex h-col-lg-12 h-col-md-6 h-col-12 post-26 post type-post status-publish format-standard hentry masonry-item style-926-outer style-local-2427-c6-outer\"  ><div   data-colibri-id=\"2427-c6\" class=\"d-flex h-flex-basis h-column__inner h-px-lg-2 h-px-md-2 h-px-2 v-inner-lg-2 v-inner-md-2 v-inner-2 style-926 style-local-2427-c6 h-overflow-hidden position-relative\"><!&#8212;-><!&#8212;-> <div  class=\"w-100 h-y-container h-column__content h-column__v-align flex-basis-100 align-self-lg-start align-self-md-start align-self-start\"><!&#8212;-> <div   data-href=\"http:\/\/www.cartoneraupi.com\/?p=26\" data-colibri-component=\"link\"  data-colibri-id=\"2427-c7\" class=\"colibri-post-thumbnail colibri-post-has-no-thumbnail colibri-post-thumbnail-has-placeholder style-927 style-local-2427-c7 h-overflow-hidden position-relative h-element\"  ><!&#8212;-><div   class=\"h-global-transition-all colibri-post-thumbnail-shortcode style-dynamic-2427-c7-height\"><\/div> <div  class=\"colibri-post-thumbnail-content align-items-lg-center align-items-md-center align-items-center flex-basis-100\"><div  class=\"w-100 h-y-container\"><!&#8212;-> <div   data-colibri-id=\"2427-c8\" class=\"d-block style-940 style-local-2427-c8 position-relative h-element\"  ><!&#8212;-><div class=\"h-image__frame-container-outer\"><a  href=\"http:\/\/www.cartoneraupi.com\" h-use-smooth-scroll=\"true\" class=\"image-link\"><div  class=\"h-image__frame-container\"><!&#8212;-><!&#8212;-> <img src=\"http:\/\/www.cartoneraupi.com\/wp-content\/uploads\/2021\/10\/cropped-cropped-cropped-1568732963436-1.png\"  class=\"wp-image-282 style-940-image style-local-2427-c8-image\"> <div  class=\"h-image__frame h-hide-lg h-hide-md h-hide-sm style-940-frameImage style-local-2427-c8-frameImage\"><\/div><\/div><\/a><\/div><\/div><\/div><\/div><\/div><\/div><\/div><\/div>\n      \n      \n                    <\/div>\n                <\/div>\n                <div data-colibri-id=\"2427-c13\" class=\"h-x-container style-1127 style-local-2427-c13 position-relative h-element\">\n                  <!---->\n                  <div class=\"h-x-container-inner style-dynamic-2427-c13-group style-1127-spacing style-local-2427-c13-spacing\"><span class=\"h-button__outer style-1128-outer style-local-2427-c14-outer d-inline-flex h-element\"><a h-use-smooth-scroll=\"true\" href=\"http:\/\/www.cartoneraupi.com\/?page_id=3227\"  data-colibri-id=\"2427-c14\" class=\"d-flex w-100 align-items-center h-button justify-content-lg-center justify-content-md-center justify-content-center style-1128 style-local-2427-c14 position-relative\"><!----><span  class=\"h-svg-icon h-button__icon style-1128-icon style-local-2427-c14-icon\"><!--Icon by Font Awesome (https:\/\/fontawesome.com)--><svg version=\"1.1\" xmlns=\"http:\/\/www.w3.org\/2000\/svg\" xmlns:xlink=\"http:\/\/www.w3.org\/1999\/xlink\" id=\"arrow-left\" viewBox=\"0 0 1536 1896.0833\"><path d=\"M1536 896v128q0 53-32.5 90.5T1419 1152H715l293 294q38 36 38 90t-38 90l-75 76q-37 37-90 37-52 0-91-37l-651-652q-37-37-37-90 0-52 37-91l651-650q38-38 91-38 52 0 90 38l75 74q38 38 38 91t-38 91L715 768h704q52 0 84.5 37.5T1536 896z\"><\/path><\/svg><\/span>                    <span>Volver atras<\/span><\/a>\n                    <\/span>\n                  <\/div>\n                <\/div>\n                <div data-colibri-id=\"2427-c9\" class=\"h-text h-text-component style-941 style-local-2427-c9 position-relative h-element\">\n                  <!---->\n                  <!---->\n                  <div class=\"\">\n                    <p>\n                      <br>\n                    <\/p>\n                    <p><span style=\"font-family: &quot;Open Sans&quot;, sans-serif; font-size: 15pt;\">T\u00c9RMINOS Y CONDICIONES DE VENTA&nbsp;<\/span><\/p>\n                    <p><span style=\"font-family: &quot;Open Sans&quot;, sans-serif; font-size: 15pt;\">ACEPTACION POR EL COMPRADOR DE LOS TERMINOS Y CONDICIONES DEL VENDEDOR<\/span><\/p>\n                    <p><span style=\"font-family: &quot;Open Sans&quot;, sans-serif; font-size: 15pt;\">&nbsp;<\/span><\/p>\n                    <p><span style=\"font-family: &quot;Open Sans&quot;, sans-serif; font-size: 15pt;\">Las ordenes de compras aceptada por el Vendedor es aceptada en el entendido de que el comprador consiente los t\u00e9rminos y condiciones estipulados en esa Cotizaci\u00f3n, sin tomar en consideraci\u00f3n la forma o t\u00e9rminos de la Orden del Comprador.&nbsp;Este documento constituye los t\u00e9rminos del acuerdo en su totalidad entre el Comprador y el Vendedor en relaci\u00f3n con cualquier Orden que el Comprador coloque con el Vendedor.&nbsp;Cualesquiera t\u00e9rminos adicionales o diferentes indicados en otra orden de compra u otros documentos que el Comprador presente al Vendedor ser\u00e1n consideradas alteraciones materiales, sin ning\u00fan efecto vinculante y por este medio objetadas y rechazadas.&nbsp;Ninguna negociaci\u00f3n, uso comercial o desempe\u00f1o ser\u00e1 importante ni completar\u00e1 ni explicar\u00e1 los t\u00e9rminos aqu\u00ed usados.<\/span><\/p>\n                  <\/div>\n                <\/div>\n              <\/div>\n            <\/div>\n          <\/div>\n        <\/div>\n      <\/div>\n    <\/div>\n  <\/div>\n<\/div>","protected":false},"excerpt":{"rendered":"<p>Pol\u00edticas de venta Volver atras T\u00c9RMINOS Y CONDICIONES DE VENTA&nbsp; ACEPTACION POR EL COMPRADOR DE LOS TERMINOS Y CONDICIONES DEL VENDEDOR &nbsp; Las ordenes de compras aceptada por el Vendedor es aceptada en el entendido de que el comprador consiente los t\u00e9rminos y condiciones estipulados en esa Cotizaci\u00f3n, sin tomar en consideraci\u00f3n la forma o [&hellip;]<\/p>\n","protected":false},"author":1,"featured_media":0,"parent":0,"menu_order":0,"comment_status":"closed","ping_status":"closed","template":"page-templates\/full-width-page.php","meta":{"_coblocks_attr":"","_coblocks_dimensions":"","_coblocks_responsive_height":"","_coblocks_accordion_ie_support":""},"_links":{"self":[{"href":"http:\/\/www.cartoneraupi.com\/index.php?rest_route=\/wp\/v2\/pages\/2427"}],"collection":[{"href":"http:\/\/www.cartoneraupi.com\/index.php?rest_route=\/wp\/v2\/pages"}],"about":[{"href":"http:\/\/www.cartoneraupi.com\/index.php?rest_route=\/wp\/v2\/types\/page"}],"author":[{"embeddable":true,"href":"http:\/\/www.cartoneraupi.com\/index.php?rest_route=\/wp\/v2\/users\/1"}],"replies":[{"embeddable":true,"href":"http:\/\/www.cartoneraupi.com\/index.php?rest_route=%2Fwp%2Fv2%2Fcomments&post=2427"}],"version-history":[{"count":5,"href":"http:\/\/www.cartoneraupi.com\/index.php?rest_route=\/wp\/v2\/pages\/2427\/revisions"}],"predecessor-version":[{"id":3468,"href":"http:\/\/www.cartoneraupi.com\/index.php?rest_route=\/wp\/v2\/pages\/2427\/revisions\/3468"}],"wp:attachment":[{"href":"http:\/\/www.cartoneraupi.com\/index.php?rest_route=%2Fwp%2Fv2%2Fmedia&parent=2427"}],"curies":[{"name":"wp","href":"https:\/\/api.w.org\/{rel}","templated":true}]}}